{"id":18,"date":"2022-07-30T14:05:00","date_gmt":"2022-07-30T12:05:00","guid":{"rendered":"https:\/\/benysschwabach.de\/?page_id=18"},"modified":"2025-09-04T12:30:34","modified_gmt":"2025-09-04T10:30:34","slug":"willkommen-im-benys","status":"publish","type":"page","link":"https:\/\/benysschwabach.de\/","title":{"rendered":"Home"},"content":{"rendered":"\n<figure class=\"wp-block-image size-large\"><img loading=\"lazy\" decoding=\"async\" width=\"1024\" height=\"448\" src=\"https:\/\/benysschwabach.de\/wp-content\/uploads\/2022\/09\/cropped-benys_bg_gross-e1668687366191-1024x448.jpeg\" alt=\"\" class=\"wp-image-195\" srcset=\"https:\/\/benysschwabach.de\/wp-content\/uploads\/2022\/09\/cropped-benys_bg_gross-e1668687366191-1024x448.jpeg 1024w, https:\/\/benysschwabach.de\/wp-content\/uploads\/2022\/09\/cropped-benys_bg_gross-e1668687366191-600x263.jpeg 600w, https:\/\/benysschwabach.de\/wp-content\/uploads\/2022\/09\/cropped-benys_bg_gross-e1668687366191-300x131.jpeg 300w, https:\/\/benysschwabach.de\/wp-content\/uploads\/2022\/09\/cropped-benys_bg_gross-e1668687366191-768x336.jpeg 768w, https:\/\/benysschwabach.de\/wp-content\/uploads\/2022\/09\/cropped-benys_bg_gross-e1668687366191-1536x672.jpeg 1536w, https:\/\/benysschwabach.de\/wp-content\/uploads\/2022\/09\/cropped-benys_bg_gross-e1668687366191-1x1.jpeg 1w, https:\/\/benysschwabach.de\/wp-content\/uploads\/2022\/09\/cropped-benys_bg_gross-e1668687366191.jpeg 1600w\" sizes=\"auto, (max-width: 1024px) 100vw, 1024px\" \/><\/figure>\n\n\n\n<p><\/p>\n\n\n\n<p>Das beny\u2018s ist deine kleine Urlaubsoase mit entspannter Atmosph\u00e4re im Herzen Schwabachs. Unsere gem\u00fctliche Bar mit Sonnenterrasse in der Bachgasse liegt an einem der sch\u00f6nsten Pl\u00e4tze der Stadt.<\/p>\n\n\n\n<p>Wir laden dich ein, mit uns easy in den Abend zu starten: Genie\u00dfe leckere Weine und verschiedene Biere zu deinem ofenfrischen, knusprigen Flammkuchen.<br>Lass dich von unseren Kaffeespezialit\u00e4ten mit Bohnen aus der R\u00f6sttrommel aufwecken.<br>Entdecke erfrischende alkoholfreie Drinks und unsere Eigenkompositionen ausgefallener Sprizz-Getr\u00e4nke. Chille in unserer Lounge im Herzen von Schwabach zu Livemusik oder DJ-Kl\u00e4ngen und starte ganz entspannt in laue Sommerabende. Genie\u00dfe Schatten oder Sonne auf unserer Terrasse &#8211; ganz nach Gusto. Wir freuen uns auf dich!<\/p>\n\n\n\n<p>\u00dcbrigens: Wein und Kaffee verkaufen wir dir auch f\u00fcr zuhause. Aber am Sch\u00f6nsten ist es nat\u00fcrlich bei uns! \ud83d\ude09<\/p>\n\n\n\n<p>beny\u2018s \u2013 Bar, Lounge, Sonnenterrasse<\/p>\n","protected":false},"excerpt":{"rendered":"<p>Das beny\u2018s ist deine kleine Urlaubsoase mit entspannter Atmosph\u00e4re im Herzen Schwabachs. Unsere gem\u00fctliche Bar mit Sonnenterrasse in der Bachgasse liegt an einem der sch\u00f6nsten Pl\u00e4tze der Stadt. Wir laden dich ein, mit uns easy in den Abend zu starten: Genie\u00dfe leckere Weine und verschiedene Biere zu deinem ofenfrischen, knusprigen Flammkuchen.Lass dich von unseren Kaffeespezialit\u00e4ten&hellip;&nbsp;<a href=\"https:\/\/benysschwabach.de\/\" rel=\"bookmark\">Weiterlesen &raquo;<span class=\"screen-reader-text\">Home<\/span><\/a><\/p>\n","protected":false},"author":1,"featured_media":0,"parent":0,"menu_order":0,"comment_status":"closed","ping_status":"closed","template":"","meta":{"neve_meta_sidebar":"","neve_meta_container":"","neve_meta_enable_content_width":"","neve_meta_content_width":0,"neve_meta_title_alignment":"","neve_meta_author_avatar":"","neve_post_elements_order":"","neve_meta_disable_header":"","neve_meta_disable_footer":"","neve_meta_disable_title":"","footnotes":""},"class_list":["post-18","page","type-page","status-publish","hentry"],"_links":{"self":[{"href":"https:\/\/benysschwabach.de\/index.php?rest_route=\/wp\/v2\/pages\/18","targetHints":{"allow":["GET"]}}],"collection":[{"href":"https:\/\/benysschwabach.de\/index.php?rest_route=\/wp\/v2\/pages"}],"about":[{"href":"https:\/\/benysschwabach.de\/index.php?rest_route=\/wp\/v2\/types\/page"}],"author":[{"embeddable":true,"href":"https:\/\/benysschwabach.de\/index.php?rest_route=\/wp\/v2\/users\/1"}],"replies":[{"embeddable":true,"href":"https:\/\/benysschwabach.de\/index.php?rest_route=%2Fwp%2Fv2%2Fcomments&post=18"}],"version-history":[{"count":18,"href":"https:\/\/benysschwabach.de\/index.php?rest_route=\/wp\/v2\/pages\/18\/revisions"}],"predecessor-version":[{"id":417,"href":"https:\/\/benysschwabach.de\/index.php?rest_route=\/wp\/v2\/pages\/18\/revisions\/417"}],"wp:attachment":[{"href":"https:\/\/benysschwabach.de\/index.php?rest_route=%2Fwp%2Fv2%2Fmedia&parent=18"}],"curies":[{"name":"wp","href":"https:\/\/api.w.org\/{rel}","templated":true}]}}