{"id":321,"date":"2023-03-04T12:40:23","date_gmt":"2023-03-04T11:40:23","guid":{"rendered":"https:\/\/benysschwabach.de\/?page_id=321"},"modified":"2025-09-04T12:39:14","modified_gmt":"2025-09-04T10:39:14","slug":"oeffnungszeiten","status":"publish","type":"page","link":"https:\/\/benysschwabach.de\/?page_id=321","title":{"rendered":"\u00dcber uns"},"content":{"rendered":"\n<figure class=\"wp-block-image size-large is-resized\"><img loading=\"lazy\" decoding=\"async\" width=\"1024\" height=\"768\" src=\"https:\/\/benysschwabach.de\/wp-content\/uploads\/2023\/02\/IMG_1877-1024x768.jpeg\" alt=\"\" class=\"wp-image-234\" style=\"width:488px;height:auto\" srcset=\"https:\/\/benysschwabach.de\/wp-content\/uploads\/2023\/02\/IMG_1877-1024x768.jpeg 1024w, https:\/\/benysschwabach.de\/wp-content\/uploads\/2023\/02\/IMG_1877-scaled-600x450.jpeg 600w, https:\/\/benysschwabach.de\/wp-content\/uploads\/2023\/02\/IMG_1877-300x225.jpeg 300w, https:\/\/benysschwabach.de\/wp-content\/uploads\/2023\/02\/IMG_1877-768x576.jpeg 768w, https:\/\/benysschwabach.de\/wp-content\/uploads\/2023\/02\/IMG_1877-1536x1152.jpeg 1536w, https:\/\/benysschwabach.de\/wp-content\/uploads\/2023\/02\/IMG_1877-2048x1536.jpeg 2048w\" sizes=\"auto, (max-width: 1024px) 100vw, 1024px\" \/><\/figure>\n\n\n\n<details class=\"wp-block-details is-layout-flow wp-block-details-is-layout-flow\"><summary>\u00d6ffnungszeiten<\/summary>\n<p>Montag        geschlossen<\/p>\n\n\n\n<p>Dienstag     17:00 &#8211; 22:00<\/p>\n\n\n\n<p>Mittwoch     17:00 &#8211; 22:00<\/p>\n\n\n\n<p>Donnerstag 17:00 &#8211; 22:00<\/p>\n\n\n\n<p>Freitag        17:00 &#8211; 00:30<\/p>\n\n\n\n<p>Samstag     18:00 &#8211; 00:30<\/p>\n\n\n\n<p>Sonntag und Feiertags nach Aushang<\/p>\n\n\n\n<p>Aktuelle \u00d6ffnungszeiten oder \u00c4nderungen finden sie t\u00e4glich aktualisiert in unserer Instagram Story.<\/p>\n\n\n\n<p>Gerne k\u00f6nnen sie auch per Mail, Social Media oder Telefon aktuelles erfragen.<\/p>\n<\/details>\n\n\n\n<details class=\"wp-block-details is-layout-flow wp-block-details-is-layout-flow\"><summary>Anfahrt<\/summary>\n<p><\/p>\n\n\n\n\n<iframe src=\"https:\/\/www.google.com\/maps\/embed?pb=!1m18!1m12!1m3!1d5200.303147348418!2d11.017274177597095!3d49.330349071400065!2m3!1f0!2f0!3f0!3m2!1i1024!2i768!4f13.1!3m3!1m2!1s0x479f502a487ed61f%3A0xf4863032c1ec684!2zYmVueeKAmXM!5e0!3m2!1sde!2sde!4v1756982028226!5m2!1sde!2sde\" width=\"600\" height=\"450\" style=\"border:0;\" allowfullscreen=\"\" loading=\"lazy\" referrerpolicy=\"no-referrer-when-downgrade\"><\/iframe>\n\n<\/details>\n\n\n\n<p><\/p>\n","protected":false},"excerpt":{"rendered":"","protected":false},"author":1,"featured_media":0,"parent":0,"menu_order":0,"comment_status":"closed","ping_status":"closed","template":"","meta":{"neve_meta_sidebar":"","neve_meta_container":"","neve_meta_enable_content_width":"","neve_meta_content_width":0,"neve_meta_title_alignment":"","neve_meta_author_avatar":"","neve_post_elements_order":"","neve_meta_disable_header":"","neve_meta_disable_footer":"","neve_meta_disable_title":"","footnotes":""},"class_list":["post-321","page","type-page","status-publish","hentry"],"_links":{"self":[{"href":"https:\/\/benysschwabach.de\/index.php?rest_route=\/wp\/v2\/pages\/321","targetHints":{"allow":["GET"]}}],"collection":[{"href":"https:\/\/benysschwabach.de\/index.php?rest_route=\/wp\/v2\/pages"}],"about":[{"href":"https:\/\/benysschwabach.de\/index.php?rest_route=\/wp\/v2\/types\/page"}],"author":[{"embeddable":true,"href":"https:\/\/benysschwabach.de\/index.php?rest_route=\/wp\/v2\/users\/1"}],"replies":[{"embeddable":true,"href":"https:\/\/benysschwabach.de\/index.php?rest_route=%2Fwp%2Fv2%2Fcomments&post=321"}],"version-history":[{"count":7,"href":"https:\/\/benysschwabach.de\/index.php?rest_route=\/wp\/v2\/pages\/321\/revisions"}],"predecessor-version":[{"id":413,"href":"https:\/\/benysschwabach.de\/index.php?rest_route=\/wp\/v2\/pages\/321\/revisions\/413"}],"wp:attachment":[{"href":"https:\/\/benysschwabach.de\/index.php?rest_route=%2Fwp%2Fv2%2Fmedia&parent=321"}],"curies":[{"name":"wp","href":"https:\/\/api.w.org\/{rel}","templated":true}]}}