{"id":261,"date":"2023-02-15T13:51:04","date_gmt":"2023-02-15T12:51:04","guid":{"rendered":"https:\/\/benysschwabach.de\/?post_type=product&#038;p=261"},"modified":"2023-02-16T11:57:41","modified_gmt":"2023-02-16T10:57:41","slug":"benys-shirt-mehr-als-nur-eine-bar-lila","status":"publish","type":"product","link":"https:\/\/benysschwabach.de\/?product=benys-shirt-mehr-als-nur-eine-bar-lila","title":{"rendered":"Beny\u00b4s Shirt \u201eMehr als nur eine Bar\u201c Lila"},"content":{"rendered":"","protected":false},"excerpt":{"rendered":"<p>Beny\u00b4s Shirt \u201eMehr als nur eine Bar\u201c<\/p>\n<p>Exklusives beny\u00b4s Shirt nur begrenzte St\u00fcckzahlen verf\u00fcgbar<\/p>\n<p>In 2 Farben erh\u00e4ltlich Lila und Grau<\/p>\n<p>Vorne und hinten Bedruckt<span class=\"Apple-converted-space\">\u00a0<\/span><\/p>\n<p>&#8211; Single-Jersey <span class=\"Apple-converted-space\">\u00a0 \u00a0<\/span><\/p>\n<p>&#8211; Ripp-B\u00fcndchen am Halsausschnitt<span class=\"Apple-converted-space\">\u00a0<\/span><\/p>\n<p>&#8211; Doppeln\u00e4hte am Saum<span class=\"Apple-converted-space\">\u00a0<\/span><\/p>\n<p>&#8211;<span class=\"Apple-converted-space\">\u00a0 <\/span>Lang und schmal geschnitten<\/p>\n<p>In den Gr\u00f6\u00dfen XS- 3XL erh\u00e4ltlich<\/p>\n","protected":false},"featured_media":243,"template":"","meta":{"neve_meta_sidebar":"","neve_meta_container":"","neve_meta_enable_content_width":"off","neve_meta_content_width":100,"neve_meta_title_alignment":"","neve_meta_author_avatar":"","neve_post_elements_order":"","neve_meta_disable_header":"","neve_meta_disable_footer":"","neve_meta_disable_title":""},"product_brand":[],"product_cat":[21,49],"product_tag":[51,23,52],"class_list":{"0":"post-261","1":"product","2":"type-product","3":"status-publish","4":"has-post-thumbnail","6":"product_cat-merchandise","7":"product_cat-tshirts-merchandise","8":"product_tag-bar","9":"product_tag-merchandise","10":"product_tag-tshirt","12":"first","13":"instock","14":"taxable","15":"shipping-taxable","16":"purchasable","17":"product-type-variable","18":"has-default-attributes"},"_links":{"self":[{"href":"https:\/\/benysschwabach.de\/index.php?rest_route=\/wp\/v2\/product\/261","targetHints":{"allow":["GET"]}}],"collection":[{"href":"https:\/\/benysschwabach.de\/index.php?rest_route=\/wp\/v2\/product"}],"about":[{"href":"https:\/\/benysschwabach.de\/index.php?rest_route=\/wp\/v2\/types\/product"}],"wp:featuredmedia":[{"embeddable":true,"href":"https:\/\/benysschwabach.de\/index.php?rest_route=\/wp\/v2\/media\/243"}],"wp:attachment":[{"href":"https:\/\/benysschwabach.de\/index.php?rest_route=%2Fwp%2Fv2%2Fmedia&parent=261"}],"wp:term":[{"taxonomy":"product_brand","embeddable":true,"href":"https:\/\/benysschwabach.de\/index.php?rest_route=%2Fwp%2Fv2%2Fproduct_brand&post=261"},{"taxonomy":"product_cat","embeddable":true,"href":"https:\/\/benysschwabach.de\/index.php?rest_route=%2Fwp%2Fv2%2Fproduct_cat&post=261"},{"taxonomy":"product_tag","embeddable":true,"href":"https:\/\/benysschwabach.de\/index.php?rest_route=%2Fwp%2Fv2%2Fproduct_tag&post=261"}],"curies":[{"name":"wp","href":"https:\/\/api.w.org\/{rel}","templated":true}]}}